{"id":1279,"date":"2021-05-10T11:08:42","date_gmt":"2021-05-10T09:08:42","guid":{"rendered":"https:\/\/suitabletheme.com\/bizfit\/?page_id=1279"},"modified":"2021-09-23T09:49:55","modified_gmt":"2021-09-23T07:49:55","slug":"about","status":"publish","type":"page","link":"https:\/\/gausspc.com\/sl\/about\/","title":{"rendered":"O nas"},"content":{"rendered":"<div data-elementor-type=\"wp-page\" data-elementor-id=\"1279\" class=\"elementor elementor-1279\" data-elementor-settings=\"[]\">\n\t\t\t\t\t\t\t<div class=\"elementor-section-wrap\">\n\t\t\t\t\t\t\t<section class=\"elementor-section elementor-top-section elementor-element elementor-element-1b3459f elementor-section-boxed elementor-section-height-default elementor-section-height-default\" data-id=\"1b3459f\" data-element_type=\"section\">\n\t\t\t\t\t\t<div class=\"elementor-container elementor-column-gap-default\">\n\t\t\t\t\t<div class=\"elementor-column elementor-col-50 elementor-top-column elementor-element elementor-element-7678b2f\" data-id=\"7678b2f\" data-element_type=\"column\">\n\t\t\t<div class=\"elementor-widget-wrap elementor-element-populated\">\n\t\t\t\t\t\t\t\t<div class=\"elementor-element elementor-element-58c774f elementor-widget elementor-widget-image\" data-id=\"58c774f\" data-element_type=\"widget\" data-widget_type=\"image.default\">\n\t\t\t\t<div class=\"elementor-widget-container\">\n\t\t\t\t\t\t\t\t\t\t\t\t\t\t\t<img width=\"300\" height=\"88\" src=\"https:\/\/gausspc.com\/new\/wp-content\/uploads\/2021\/06\/rls-logo-300x88.png\" class=\"attachment-medium size-medium\" alt=\"RLS logo\" decoding=\"async\" loading=\"lazy\" srcset=\"https:\/\/gausspc.com\/new\/wp-content\/uploads\/2021\/06\/rls-logo-300x88.png 300w, https:\/\/gausspc.com\/new\/wp-content\/uploads\/2021\/06\/rls-logo-768x225.png 768w, https:\/\/gausspc.com\/new\/wp-content\/uploads\/2021\/06\/rls-logo-16x5.png 16w, https:\/\/gausspc.com\/new\/wp-content\/uploads\/2021\/06\/rls-logo.png 1024w\" sizes=\"(max-width: 300px) 100vw, 300px\" \/>\t\t\t\t\t\t\t\t\t\t\t\t\t\t\t<\/div>\n\t\t\t\t<\/div>\n\t\t\t\t<div class=\"elementor-element elementor-element-81f3987 elementor-widget elementor-widget-text-editor\" data-id=\"81f3987\" data-element_type=\"widget\" data-widget_type=\"text-editor.default\">\n\t\t\t\t<div class=\"elementor-widget-container\">\n\t\t\t\t\t\t\t\t<p style=\"text-align: left;\">GausSPC\u00ae je izdelek podjetja RLS Merilna tehnika d. o. o.<\/p><p style=\"text-align: left;\"><a href=\"https:\/\/www.rls.si\/eng\/\" target=\"_blank\" rel=\"noopener\"><span style=\"color: #63b163;\">RLS<\/span><\/a> poleg programske opreme za meroslovje razvija in proizvaja magnetne dajalnike pomika in zasuka. \u017de od leta 1989 je njihova misija odkrivati senzorske re\u0161itve za nadzor pomika in zasuka za uporabo v \u0161tevilnih panogah. V njihovem proizvodnem programu so senzorji pomika in zasuka, merilni sistemi za dimenzijsko kontrolo, programska oprema za meroslovje ter distribucija <span style=\"color: #63b163;\"><a style=\"color: #63b163;\" href=\"http:\/\/www.renishaw.com\" target=\"_blank\" rel=\"noopener\">izdelkov Renishaw<\/a><\/span> na lokalnem trgu.<\/p>\t\t\t\t\t\t<\/div>\n\t\t\t\t<\/div>\n\t\t\t\t\t<\/div>\n\t\t<\/div>\n\t\t\t\t<div class=\"elementor-column elementor-col-50 elementor-top-column elementor-element elementor-element-292fba8\" data-id=\"292fba8\" data-element_type=\"column\">\n\t\t\t<div class=\"elementor-widget-wrap elementor-element-populated\">\n\t\t\t\t\t\t\t\t<div class=\"elementor-element elementor-element-c8bf000 elementor-widget elementor-widget-heading\" data-id=\"c8bf000\" data-element_type=\"widget\" data-widget_type=\"heading.default\">\n\t\t\t\t<div class=\"elementor-widget-container\">\n\t\t\t<h2 class=\"elementor-heading-title elementor-size-default\">Kontaktni obrazec<\/h2>\t\t<\/div>\n\t\t\t\t<\/div>\n\t\t\t\t<div class=\"elementor-element elementor-element-f9a8195 elementor-widget elementor-widget-text-editor\" data-id=\"f9a8195\" data-element_type=\"widget\" data-widget_type=\"text-editor.default\">\n\t\t\t\t<div class=\"elementor-widget-container\">\n\t\t\t\t\t\t\t\t<p>Morebitna vpra\u0161anja lahko po\u0161ljete preko obrazca. Odgovor boste dobili v najkraj\u0161em mo\u017enem \u010dasu.<\/p>\t\t\t\t\t\t<\/div>\n\t\t\t\t<\/div>\n\t\t\t\t<div class=\"elementor-element elementor-element-001ecaf elementor-widget elementor-widget-shortcode\" data-id=\"001ecaf\" data-element_type=\"widget\" data-widget_type=\"shortcode.default\">\n\t\t\t\t<div class=\"elementor-widget-container\">\n\t\t\t\t\t<div class=\"elementor-shortcode\"><div class=\"caldera-grid\" id=\"caldera_form_1\" data-cf-ver=\"1.9.4\" data-cf-form-id=\"CF60d304e79c275\"><div id=\"caldera_notices_1\" data-spinner=\"https:\/\/gausspc.com\/new\/wp-admin\/images\/spinner.gif\"><\/div><form data-instance=\"1\" class=\"CF60d304e79c275 caldera_forms_form cfajax-trigger\" method=\"POST\" enctype=\"multipart\/form-data\" id=\"CF60d304e79c275_1\" data-form-id=\"CF60d304e79c275\" aria-label=\"Contact Form\" data-target=\"#caldera_notices_1\" data-template=\"#cfajax_CF60d304e79c275-tmpl\" data-cfajax=\"CF60d304e79c275\" data-load-element=\"_parent\" data-load-class=\"cf_processing\" data-post-disable=\"0\" data-action=\"cf_process_ajax_submit\" data-request=\"https:\/\/gausspc.com\/sl\/cf-api\/CF60d304e79c275\" data-hiderows=\"true\" action=\"\">\r\n<input type=\"hidden\" id=\"_cf_verify_CF60d304e79c275\" name=\"_cf_verify\" value=\"5e28a696af\"  data-nonce-time=\"1777972922\" \/><input type=\"hidden\" name=\"_wp_http_referer\" value=\"\/sl\/wp-json\/wp\/v2\/pages\/1279\" \/><div id=\"cf2-CF60d304e79c275_1\"><\/div><input type=\"hidden\" name=\"_cf_frm_id\" value=\"CF60d304e79c275\">\r\n<input type=\"hidden\" name=\"_cf_frm_ct\" value=\"1\">\r\n<input type=\"hidden\" name=\"cfajax\" value=\"CF60d304e79c275\">\r\n<input type=\"hidden\" name=\"_cf_cr_pst\" value=\"1279\">\r\n<div class=\"hide\" style=\"display:none; overflow:hidden;height:0;width:0;\">\r\n<label>E-po\u0161ta<\/label><input type=\"text\" name=\"email\" value=\"\" autocomplete=\"off\">\r\n<\/div><div id=\"CF60d304e79c275_1-row-1\"  class=\"row  first_row\"><div  class=\"col-sm-6  first_col\"><div data-field-wrapper=\"fld_8768091\" class=\"form-group\" id=\"fld_8768091_1-wrap\">\r\n\t<label id=\"fld_8768091Label\" for=\"fld_8768091_1\" class=\"control-label\">Ime <span aria-hidden=\"true\" role=\"presentation\" class=\"field_required\" style=\"color:#ee0000;\">*<\/span><\/label>\r\n\t<div class=\"\">\r\n\t\t<input   required type=\"text\" data-field=\"fld_8768091\" class=\"form-control\" id=\"fld_8768091_1\" name=\"fld_8768091\" value=\"\" data-type=\"text\" aria-required=\"true\"   aria-labelledby=\"fld_8768091Label\" >\t\t\t<\/div>\r\n<\/div>\r\n<\/div><div  class=\"col-sm-6  last_col\"><div data-field-wrapper=\"fld_9970286\" class=\"form-group\" id=\"fld_9970286_1-wrap\">\r\n\t<label id=\"fld_9970286Label\" for=\"fld_9970286_1\" class=\"control-label\">Priimek <span aria-hidden=\"true\" role=\"presentation\" class=\"field_required\" style=\"color:#ee0000;\">*<\/span><\/label>\r\n\t<div class=\"\">\r\n\t\t<input   required type=\"text\" data-field=\"fld_9970286\" class=\"form-control\" id=\"fld_9970286_1\" name=\"fld_9970286\" value=\"\" data-type=\"text\" aria-required=\"true\"   aria-labelledby=\"fld_9970286Label\" >\t\t\t<\/div>\r\n<\/div>\r\n<\/div><\/div><div id=\"CF60d304e79c275_1-row-2\"  class=\"row\"><div  class=\"col-sm-12  single\"><div data-field-wrapper=\"fld_6009157\" class=\"form-group\" id=\"fld_6009157_1-wrap\">\r\n\t<label id=\"fld_6009157Label\" for=\"fld_6009157_1\" class=\"control-label\">Elektronska Po\u0161ta <span aria-hidden=\"true\" role=\"presentation\" class=\"field_required\" style=\"color:#ee0000;\">*<\/span><\/label>\r\n\t<div class=\"\">\r\n\t\t<input   required type=\"email\" data-field=\"fld_6009157\" class=\"form-control\" id=\"fld_6009157_1\" name=\"fld_6009157\" value=\"\" data-type=\"email\" aria-required=\"true\"   aria-labelledby=\"fld_6009157Label\" >\t\t\t<\/div>\r\n<\/div>\r\n<\/div><\/div><div id=\"CF60d304e79c275_1-row-3\"  class=\"row\"><div  class=\"col-sm-12  single\"><div data-field-wrapper=\"fld_7683514\" class=\"form-group\" id=\"fld_7683514_1-wrap\">\r\n\t<label id=\"fld_7683514Label\" for=\"fld_7683514_1\" class=\"control-label\">Sporo\u010dilo <span aria-hidden=\"true\" role=\"presentation\" class=\"field_required\" style=\"color:#ee0000;\">*<\/span><\/label>\r\n\t<div class=\"\">\r\n\t\t<textarea name=\"fld_7683514\" value=\"\" data-field=\"fld_7683514\" class=\"form-control\" id=\"fld_7683514_1\" rows=\"7\"  required=\"required\"  aria-labelledby=\"fld_7683514Label\" ><\/textarea>\n\t\t\t<\/div>\r\n<\/div>\r\n<\/div><\/div><div id=\"CF60d304e79c275_1-row-4\"  class=\"row  last_row\"><div  class=\"col-sm-12  single\"><div data-field-wrapper=\"fld_7908577\" class=\"form-group\" id=\"fld_7908577_1-wrap\">\r\n<div class=\"\">\r\n\t<input  class=\"elementor-button-text\" type=\"submit\" name=\"fld_7908577\" id=\"fld_7908577_1\" value=\"Po\u0161lji\" data-field=\"fld_7908577\"  >\n<\/div>\r\n<\/div>\r\n\t<input class=\"button_trigger_1\" type=\"hidden\" name=\"fld_7908577\" id=\"fld_7908577_1_btn\" value=\"\" data-field=\"fld_7908577\"  \/>\n<\/div><\/div><input type=\"hidden\" name=\"trp-form-language\" value=\"sl\"\/><\/form>\r\n<\/div>\r\n<\/div>\n\t\t\t\t<\/div>\n\t\t\t\t<\/div>\n\t\t\t\t\t<\/div>\n\t\t<\/div>\n\t\t\t\t\t\t\t<\/div>\n\t\t<\/section>\n\t\t\t\t<section class=\"elementor-section elementor-top-section elementor-element elementor-element-53119b8 elementor-section-boxed elementor-section-height-default elementor-section-height-default\" data-id=\"53119b8\" data-element_type=\"section\" data-settings=\"{&quot;background_background&quot;:&quot;classic&quot;}\">\n\t\t\t\t\t\t<div class=\"elementor-container elementor-column-gap-default\">\n\t\t\t\t\t<div class=\"elementor-column elementor-col-100 elementor-top-column elementor-element elementor-element-73082b9\" data-id=\"73082b9\" data-element_type=\"column\">\n\t\t\t<div class=\"elementor-widget-wrap elementor-element-populated\">\n\t\t\t\t\t\t\t\t<div class=\"elementor-element elementor-element-c125224 elementor-invisible elementor-widget elementor-widget-heading\" data-id=\"c125224\" data-element_type=\"widget\" data-settings=\"{&quot;_animation&quot;:&quot;slideInUp&quot;}\" data-widget_type=\"heading.default\">\n\t\t\t\t<div class=\"elementor-widget-container\">\n\t\t\t<h2 class=\"elementor-heading-title elementor-size-default\">Kontakt<\/h2>\t\t<\/div>\n\t\t\t\t<\/div>\n\t\t\t\t<div class=\"elementor-element elementor-element-3f1d497 elementor-widget-divider--view-line elementor-invisible elementor-widget elementor-widget-divider\" data-id=\"3f1d497\" data-element_type=\"widget\" data-settings=\"{&quot;_animation&quot;:&quot;slideInUp&quot;}\" data-widget_type=\"divider.default\">\n\t\t\t\t<div class=\"elementor-widget-container\">\n\t\t\t\t\t<div class=\"elementor-divider\">\n\t\t\t<span class=\"elementor-divider-separator\">\n\t\t\t\t\t\t<\/span>\n\t\t<\/div>\n\t\t\t\t<\/div>\n\t\t\t\t<\/div>\n\t\t\t\t\t<\/div>\n\t\t<\/div>\n\t\t\t\t\t\t\t<\/div>\n\t\t<\/section>\n\t\t\t\t<section class=\"elementor-section elementor-top-section elementor-element elementor-element-a866e1f elementor-section-boxed elementor-section-height-default elementor-section-height-default\" data-id=\"a866e1f\" data-element_type=\"section\" data-settings=\"{&quot;background_background&quot;:&quot;classic&quot;}\">\n\t\t\t\t\t\t<div class=\"elementor-container elementor-column-gap-default\">\n\t\t\t\t\t<div class=\"elementor-column elementor-col-50 elementor-top-column elementor-element elementor-element-68a85f5\" data-id=\"68a85f5\" data-element_type=\"column\">\n\t\t\t<div class=\"elementor-widget-wrap elementor-element-populated\">\n\t\t\t\t\t\t\t\t<div class=\"elementor-element elementor-element-0c00c6d elementor-view-stacked elementor-position-left elementor-vertical-align-middle elementor-shape-circle elementor-widget elementor-widget-icon-box\" data-id=\"0c00c6d\" data-element_type=\"widget\" data-widget_type=\"icon-box.default\">\n\t\t\t\t<div class=\"elementor-widget-container\">\n\t\t\t\t\t<div class=\"elementor-icon-box-wrapper\">\n\t\t\t\t\t\t<div class=\"elementor-icon-box-icon\">\n\t\t\t\t<span class=\"elementor-icon elementor-animation-\" >\n\t\t\t\t<i aria-hidden=\"true\" class=\"fas fa-map-marker-alt\"><\/i>\t\t\t\t<\/span>\n\t\t\t<\/div>\n\t\t\t\t\t\t<div class=\"elementor-icon-box-content\">\n\t\t\t\t<div class=\"elementor-icon-box-title\">\n\t\t\t\t\t<span >Lokacija:<\/span>\n\t\t\t\t<\/div>\n\t\t\t\t\t\t\t\t<p class=\"elementor-icon-box-description\">RLS d.o.o., Pod vrbami 2, SI-1218 Komenda, Slovenia<\/p>\n\t\t\t\t\t\t\t<\/div>\n\t\t<\/div>\n\t\t\t\t<\/div>\n\t\t\t\t<\/div>\n\t\t\t\t<div class=\"elementor-element elementor-element-05db8e0 elementor-view-stacked elementor-position-left elementor-vertical-align-middle elementor-shape-circle elementor-widget elementor-widget-icon-box\" data-id=\"05db8e0\" data-element_type=\"widget\" data-widget_type=\"icon-box.default\">\n\t\t\t\t<div class=\"elementor-widget-container\">\n\t\t\t\t\t<div class=\"elementor-icon-box-wrapper\">\n\t\t\t\t\t\t<div class=\"elementor-icon-box-icon\">\n\t\t\t\t<span class=\"elementor-icon elementor-animation-\" >\n\t\t\t\t<i aria-hidden=\"true\" class=\"far fa-envelope\"><\/i>\t\t\t\t<\/span>\n\t\t\t<\/div>\n\t\t\t\t\t\t<div class=\"elementor-icon-box-content\">\n\t\t\t\t<div class=\"elementor-icon-box-title\">\n\t\t\t\t\t<span >Elektronska po\u0161ta<\/span>\n\t\t\t\t<\/div>\n\t\t\t\t\t\t\t\t<p class=\"elementor-icon-box-description\">sales@gausspc.com<\/p>\n\t\t\t\t\t\t\t<\/div>\n\t\t<\/div>\n\t\t\t\t<\/div>\n\t\t\t\t<\/div>\n\t\t\t\t\t<\/div>\n\t\t<\/div>\n\t\t\t\t<div class=\"elementor-column elementor-col-50 elementor-top-column elementor-element elementor-element-a82b8cd\" data-id=\"a82b8cd\" data-element_type=\"column\">\n\t\t\t<div class=\"elementor-widget-wrap elementor-element-populated\">\n\t\t\t\t\t\t\t\t<div class=\"elementor-element elementor-element-110d33a elementor-widget elementor-widget-google_maps\" data-id=\"110d33a\" data-element_type=\"widget\" data-widget_type=\"google_maps.default\">\n\t\t\t\t<div class=\"elementor-widget-container\">\n\t\t\t\t\t<div class=\"elementor-custom-embed\">\n\t\t\t<iframe frameborder=\"0\" scrolling=\"no\" marginheight=\"0\" marginwidth=\"0\" src=\"https:\/\/maps.google.com\/maps?q=RLS%20merilna%20tehnika&amp;t=m&amp;z=10&amp;output=embed&amp;iwloc=near\" title=\"%3$s\" aria-label=\"%3$s\"><\/iframe>\n\t\t<\/div>\n\t\t\t\t<\/div>\n\t\t\t\t<\/div>\n\t\t\t\t\t<\/div>\n\t\t<\/div>\n\t\t\t\t\t\t\t<\/div>\n\t\t<\/section>\n\t\t\t\t\t\t<\/div>\n\t\t\t\t\t<\/div>","protected":false},"excerpt":{"rendered":"<p>GausSPC\u00ae is a product made by RLS Merilna tehnika d. o. o. RLS is the world renowned developer and producer of magnetic encoders for a broad range of industries. Since&hellip;<\/p>","protected":false},"author":1,"featured_media":0,"parent":0,"menu_order":0,"comment_status":"closed","ping_status":"closed","template":"elementor_header_footer","meta":[],"_links":{"self":[{"href":"https:\/\/gausspc.com\/sl\/wp-json\/wp\/v2\/pages\/1279"}],"collection":[{"href":"https:\/\/gausspc.com\/sl\/wp-json\/wp\/v2\/pages"}],"about":[{"href":"https:\/\/gausspc.com\/sl\/wp-json\/wp\/v2\/types\/page"}],"author":[{"embeddable":true,"href":"https:\/\/gausspc.com\/sl\/wp-json\/wp\/v2\/users\/1"}],"replies":[{"embeddable":true,"href":"https:\/\/gausspc.com\/sl\/wp-json\/wp\/v2\/comments?post=1279"}],"version-history":[{"count":0,"href":"https:\/\/gausspc.com\/sl\/wp-json\/wp\/v2\/pages\/1279\/revisions"}],"wp:attachment":[{"href":"https:\/\/gausspc.com\/sl\/wp-json\/wp\/v2\/media?parent=1279"}],"curies":[{"name":"wp","href":"https:\/\/api.w.org\/{rel}","templated":true}]}}